{"id":601,"date":"2025-01-02T10:48:58","date_gmt":"2025-01-02T10:48:58","guid":{"rendered":"https:\/\/willi-und-ich.de\/?page_id=601"},"modified":"2025-02-16T19:57:39","modified_gmt":"2025-02-16T19:57:39","slug":"presse-2","status":"publish","type":"page","link":"https:\/\/willi-und-ich.de\/?page_id=601","title":{"rendered":"Presse"},"content":{"rendered":"\n<p><strong>Willie &amp; Ich sind ein Musikduo bestehend aus Wilfried Wacker und G\u00fcnther Bauksties, zwei Musiker die aus der hiesigen Musikszene nicht mehr wegzudenken sind. Wilfried Wacker der stets auf seiner umgestimmten Gitarre, frei rein nach Geh\u00f6r, den sehr rhythmisch gepr\u00e4gten Gitarrenstill von G\u00fcnther Bauksties begleitet der seine deutschen Texte interpretiert. Gespielt wird ein Set quer durch verschiedene Stillrichtungen aber immer sehr nah am Blues, den die Interpreten \u00fcber die Jahre aufgesogen haben und sehr authentisch r\u00fcber bringen. Die Texte sind mal Ironisch mal kritisch und viele Geschichten \u00a0aus dem wahren Leben. Pr\u00e4sentiert wird das Programm stets locker mit einem guten Schuss Humor so dass es sicher ein unterhaltsamer Abend wird.\u00a0\u00a0\u00a0\u00a0\u00a0\u00a0\u00a0\u00a0\u00a0\u00a0<\/strong><\/p>\n\n\n\n<p><\/p>\n","protected":false},"excerpt":{"rendered":"<p>Willie &amp; Ich sind ein Musikduo bestehend aus Wilfried Wacker und G\u00fcnther Bauksties, zwei Musiker die aus der hiesigen Musikszene nicht mehr wegzudenken sind. Wilfried Wacker der stets auf seiner umgestimmten Gitarre, frei rein nach Geh\u00f6r, den sehr rhythmisch gepr\u00e4gten Gitarrenstill von G\u00fcnther Bauksties begleitet der seine deutschen Texte interpretiert. Gespielt wird ein Set quer [&hellip;]<\/p>\n","protected":false},"author":1,"featured_media":0,"parent":0,"menu_order":0,"comment_status":"closed","ping_status":"closed","template":"","meta":{"footnotes":""},"class_list":["post-601","page","type-page","status-publish","hentry"],"blocksy_meta":[],"_links":{"self":[{"href":"https:\/\/willi-und-ich.de\/index.php?rest_route=\/wp\/v2\/pages\/601","targetHints":{"allow":["GET"]}}],"collection":[{"href":"https:\/\/willi-und-ich.de\/index.php?rest_route=\/wp\/v2\/pages"}],"about":[{"href":"https:\/\/willi-und-ich.de\/index.php?rest_route=\/wp\/v2\/types\/page"}],"author":[{"embeddable":true,"href":"https:\/\/willi-und-ich.de\/index.php?rest_route=\/wp\/v2\/users\/1"}],"replies":[{"embeddable":true,"href":"https:\/\/willi-und-ich.de\/index.php?rest_route=%2Fwp%2Fv2%2Fcomments&post=601"}],"version-history":[{"count":3,"href":"https:\/\/willi-und-ich.de\/index.php?rest_route=\/wp\/v2\/pages\/601\/revisions"}],"predecessor-version":[{"id":677,"href":"https:\/\/willi-und-ich.de\/index.php?rest_route=\/wp\/v2\/pages\/601\/revisions\/677"}],"wp:attachment":[{"href":"https:\/\/willi-und-ich.de\/index.php?rest_route=%2Fwp%2Fv2%2Fmedia&parent=601"}],"curies":[{"name":"wp","href":"https:\/\/api.w.org\/{rel}","templated":true}]}}